{"id":3610,"date":"2025-07-09T14:33:45","date_gmt":"2025-07-09T19:33:45","guid":{"rendered":"https:\/\/593plus.com\/home\/"},"modified":"2026-02-05T12:35:49","modified_gmt":"2026-02-05T17:35:49","slug":"home","status":"publish","type":"page","link":"https:\/\/593plus.com\/en\/","title":{"rendered":"Home"},"content":{"rendered":"<div data-elementor-type=\"wp-page\" data-elementor-id=\"3610\" class=\"elementor elementor-3610\">\n\t\t\t\t<div class=\"elementor-element elementor-element-bad4525 e-flex e-con-boxed e-con e-parent\" data-id=\"bad4525\" data-element_type=\"container\" data-settings=\"{&quot;background_background&quot;:&quot;classic&quot;}\">\n\t\t\t\t\t<div class=\"e-con-inner\">\n\t\t\t\t<div class=\"elementor-element elementor-element-50ea94a elementor-widget elementor-widget-spacer\" data-id=\"50ea94a\" data-element_type=\"widget\" data-widget_type=\"spacer.default\">\n\t\t\t\t<div class=\"elementor-widget-container\">\n\t\t\t\t\t\t\t<div class=\"elementor-spacer\">\n\t\t\t<div class=\"elementor-spacer-inner\"><\/div>\n\t\t<\/div>\n\t\t\t\t\t\t<\/div>\n\t\t\t\t<\/div>\n\t\t\t\t<div class=\"elementor-element elementor-element-1e79eda elementor-widget__width-initial elementor-widget-mobile__width-initial elementor-absolute elementor-widget elementor-widget-heading\" data-id=\"1e79eda\" data-element_type=\"widget\" data-settings=\"{&quot;_position&quot;:&quot;absolute&quot;}\" data-widget_type=\"heading.default\">\n\t\t\t\t<div class=\"elementor-widget-container\">\n\t\t\t\t\t<h2 class=\"elementor-heading-title elementor-size-default\">CALIDAD QUE SE NOTA<\/h2>\t\t\t\t<\/div>\n\t\t\t\t<\/div>\n\t\t\t\t<div class=\"elementor-element elementor-element-30413fc elementor-widget__width-initial elementor-widget elementor-widget-image\" data-id=\"30413fc\" data-element_type=\"widget\" data-widget_type=\"image.default\">\n\t\t\t\t<div class=\"elementor-widget-container\">\n\t\t\t\t\t\t\t\t\t\t\t\t\t\t\t<img fetchpriority=\"high\" decoding=\"async\" width=\"1024\" height=\"683\" src=\"https:\/\/593plus.com\/wp-content\/uploads\/2026\/02\/PORTADA-TIENDA-1024x683.jpg\" class=\"attachment-large size-large wp-image-5718\" alt=\"portada tienda\" srcset=\"https:\/\/593plus.com\/wp-content\/uploads\/2026\/02\/PORTADA-TIENDA-1024x683.jpg 1024w, https:\/\/593plus.com\/wp-content\/uploads\/2026\/02\/PORTADA-TIENDA-300x200.jpg 300w, https:\/\/593plus.com\/wp-content\/uploads\/2026\/02\/PORTADA-TIENDA-768x512.jpg 768w, https:\/\/593plus.com\/wp-content\/uploads\/2026\/02\/PORTADA-TIENDA-1536x1024.jpg 1536w, https:\/\/593plus.com\/wp-content\/uploads\/2026\/02\/PORTADA-TIENDA-2048x1365.jpg 2048w, https:\/\/593plus.com\/wp-content\/uploads\/2026\/02\/PORTADA-TIENDA-18x12.jpg 18w, https:\/\/593plus.com\/wp-content\/uploads\/2026\/02\/PORTADA-TIENDA-600x400.jpg 600w\" sizes=\"(max-width: 1024px) 100vw, 1024px\" title=\"Home\">\t\t\t\t\t\t\t\t\t\t\t\t\t\t\t<\/div>\n\t\t\t\t<\/div>\n\t\t\t\t\t<\/div>\n\t\t\t\t<\/div>\n\t\t<div class=\"elementor-element elementor-element-f2b1b2f e-con-full e-flex e-con e-parent\" data-id=\"f2b1b2f\" data-element_type=\"container\">\n\t\t<div class=\"elementor-element elementor-element-c4e4f0c e-con-full e-flex e-con e-child\" data-id=\"c4e4f0c\" data-element_type=\"container\">\n\t\t<div class=\"elementor-element elementor-element-04789d1 e-con-full e-flex e-con e-child\" data-id=\"04789d1\" data-element_type=\"container\" data-settings=\"{&quot;background_background&quot;:&quot;classic&quot;}\">\n\t\t\t\t<div class=\"elementor-element elementor-element-a5559eb elementor-widget-mobile__width-initial elementor-position-top elementor-widget elementor-widget-image-box\" data-id=\"a5559eb\" data-element_type=\"widget\" data-widget_type=\"image-box.default\">\n\t\t\t\t<div class=\"elementor-widget-container\">\n\t\t\t\t\t<div class=\"elementor-image-box-wrapper\"><figure class=\"elementor-image-box-img\"><a href=\"https:\/\/593plus.com\/en\/product\/armador_big\/\" tabindex=\"-1\"><img decoding=\"async\" width=\"1280\" height=\"960\" src=\"https:\/\/593plus.com\/wp-content\/uploads\/2025\/08\/Armador-Big.jpeg\" class=\"attachment-full size-full wp-image-5566\" alt=\"armador big\" title=\"Home\" srcset=\"https:\/\/593plus.com\/wp-content\/uploads\/2025\/08\/Armador-Big.jpeg 1280w, https:\/\/593plus.com\/wp-content\/uploads\/2025\/08\/Armador-Big-300x225.jpeg 300w, https:\/\/593plus.com\/wp-content\/uploads\/2025\/08\/Armador-Big-1024x768.jpeg 1024w, https:\/\/593plus.com\/wp-content\/uploads\/2025\/08\/Armador-Big-768x576.jpeg 768w, https:\/\/593plus.com\/wp-content\/uploads\/2025\/08\/Armador-Big-600x450.jpeg 600w\" sizes=\"(max-width: 1280px) 100vw, 1280px\" \/><\/a><\/figure><div class=\"elementor-image-box-content\"><h3 class=\"elementor-image-box-title\"><a href=\"https:\/\/593plus.com\/en\/product\/armador_big\/\">Armador <br>Big<\/a><\/h3><p class=\"elementor-image-box-description\">$3,00<\/p><\/div><\/div>\t\t\t\t<\/div>\n\t\t\t\t<\/div>\n\t\t<div class=\"elementor-element elementor-element-03d7c54 e-con-full e-flex e-con e-child\" data-id=\"03d7c54\" data-element_type=\"container\">\n\t\t\t\t<div class=\"elementor-element elementor-element-dedb2ef elementor-widget__width-initial elementor-widget-mobile__width-initial elementor-widget elementor-widget-html\" data-id=\"dedb2ef\" data-element_type=\"widget\" data-widget_type=\"html.default\">\n\t\t\t\t<div class=\"elementor-widget-container\">\n\t\t\t\t\t<a href=\"?add-to-cart=5565\" class=\"button add_to_cart_button\"\r\n\r\n   style=\"display:inline-block; transform: scale(0.6);\"\r\n    >\r\n    ADD TO CART\r\n<\/a>\t\t\t\t<\/div>\n\t\t\t\t<\/div>\n\t\t\t\t<\/div>\n\t\t\t\t<\/div>\n\t\t\t\t<\/div>\n\t\t<div class=\"elementor-element elementor-element-5b0fd2c e-con-full e-flex e-con e-child\" data-id=\"5b0fd2c\" data-element_type=\"container\">\n\t\t<div class=\"elementor-element elementor-element-bb5786b e-con-full e-flex e-con e-child\" data-id=\"bb5786b\" data-element_type=\"container\" data-settings=\"{&quot;background_background&quot;:&quot;classic&quot;}\">\n\t\t\t\t<div class=\"elementor-element elementor-element-dd9637a elementor-widget-mobile__width-initial elementor-position-top elementor-widget elementor-widget-image-box\" data-id=\"dd9637a\" data-element_type=\"widget\" data-widget_type=\"image-box.default\">\n\t\t\t\t<div class=\"elementor-widget-container\">\n\t\t\t\t\t<div class=\"elementor-image-box-wrapper\"><figure class=\"elementor-image-box-img\"><a href=\"https:\/\/593plus.com\/en\/product\/armador_big\/\" tabindex=\"-1\"><img decoding=\"async\" width=\"1280\" height=\"960\" src=\"https:\/\/593plus.com\/wp-content\/uploads\/2026\/01\/Armador-Fit.jpeg\" class=\"attachment-full size-full wp-image-5661\" alt=\"armador fit\" title=\"Home\" srcset=\"https:\/\/593plus.com\/wp-content\/uploads\/2026\/01\/Armador-Fit.jpeg 1280w, https:\/\/593plus.com\/wp-content\/uploads\/2026\/01\/Armador-Fit-300x225.jpeg 300w, https:\/\/593plus.com\/wp-content\/uploads\/2026\/01\/Armador-Fit-1024x768.jpeg 1024w, https:\/\/593plus.com\/wp-content\/uploads\/2026\/01\/Armador-Fit-768x576.jpeg 768w, https:\/\/593plus.com\/wp-content\/uploads\/2026\/01\/Armador-Fit-16x12.jpeg 16w, https:\/\/593plus.com\/wp-content\/uploads\/2026\/01\/Armador-Fit-600x450.jpeg 600w\" sizes=\"(max-width: 1280px) 100vw, 1280px\" \/><\/a><\/figure><div class=\"elementor-image-box-content\"><h3 class=\"elementor-image-box-title\"><a href=\"https:\/\/593plus.com\/en\/product\/armador_big\/\">Armador <br>Fit<\/a><\/h3><p class=\"elementor-image-box-description\">$3,00<\/p><\/div><\/div>\t\t\t\t<\/div>\n\t\t\t\t<\/div>\n\t\t<div class=\"elementor-element elementor-element-c76c554 e-con-full e-flex e-con e-child\" data-id=\"c76c554\" data-element_type=\"container\">\n\t\t\t\t<div class=\"elementor-element elementor-element-6cae40e elementor-widget__width-initial elementor-widget-mobile__width-initial elementor-widget elementor-widget-html\" data-id=\"6cae40e\" data-element_type=\"widget\" data-widget_type=\"html.default\">\n\t\t\t\t<div class=\"elementor-widget-container\">\n\t\t\t\t\t<a href=\"?add-to-cart=5660\" class=\"button add_to_cart_button\"\r\n\r\n   style=\"display:inline-block; transform: scale(0.6);\"\r\n    >\r\n    ADD TO CART\r\n<\/a>\t\t\t\t<\/div>\n\t\t\t\t<\/div>\n\t\t\t\t<\/div>\n\t\t\t\t<\/div>\n\t\t\t\t<\/div>\n\t\t<div class=\"elementor-element elementor-element-bc2762d e-con-full e-flex e-con e-child\" data-id=\"bc2762d\" data-element_type=\"container\">\n\t\t<div class=\"elementor-element elementor-element-85b5e38 e-con-full e-flex e-con e-child\" data-id=\"85b5e38\" data-element_type=\"container\" data-settings=\"{&quot;background_background&quot;:&quot;classic&quot;}\">\n\t\t\t\t<div class=\"elementor-element elementor-element-75a29ff elementor-widget-mobile__width-initial elementor-position-top elementor-widget elementor-widget-image-box\" data-id=\"75a29ff\" data-element_type=\"widget\" data-widget_type=\"image-box.default\">\n\t\t\t\t<div class=\"elementor-widget-container\">\n\t\t\t\t\t<div class=\"elementor-image-box-wrapper\"><figure class=\"elementor-image-box-img\"><a href=\"https:\/\/593plus.com\/en\/product\/armador_big\/\" tabindex=\"-1\"><img loading=\"lazy\" decoding=\"async\" width=\"1280\" height=\"960\" src=\"https:\/\/593plus.com\/wp-content\/uploads\/2025\/08\/Armador-Boxer-rotated.jpeg\" class=\"attachment-full size-full wp-image-5656\" alt=\"armador big\" title=\"Home\" srcset=\"https:\/\/593plus.com\/wp-content\/uploads\/2025\/08\/Armador-Boxer-rotated.jpeg 1280w, https:\/\/593plus.com\/wp-content\/uploads\/2025\/08\/Armador-Boxer-300x225.jpeg 300w, https:\/\/593plus.com\/wp-content\/uploads\/2025\/08\/Armador-Boxer-1024x768.jpeg 1024w, https:\/\/593plus.com\/wp-content\/uploads\/2025\/08\/Armador-Boxer-768x576.jpeg 768w, https:\/\/593plus.com\/wp-content\/uploads\/2025\/08\/Armador-Boxer-16x12.jpeg 16w, https:\/\/593plus.com\/wp-content\/uploads\/2025\/08\/Armador-Boxer-600x450.jpeg 600w\" sizes=\"(max-width: 1280px) 100vw, 1280px\" \/><\/a><\/figure><div class=\"elementor-image-box-content\"><h3 class=\"elementor-image-box-title\"><a href=\"https:\/\/593plus.com\/en\/product\/armador_big\/\">Armador <br>Boxer<\/a><\/h3><p class=\"elementor-image-box-description\">$3,00<\/p><\/div><\/div>\t\t\t\t<\/div>\n\t\t\t\t<\/div>\n\t\t<div class=\"elementor-element elementor-element-d98b865 e-con-full e-flex e-con e-child\" data-id=\"d98b865\" data-element_type=\"container\">\n\t\t\t\t<div class=\"elementor-element elementor-element-f9f250a elementor-widget__width-initial elementor-widget-mobile__width-initial elementor-widget elementor-widget-html\" data-id=\"f9f250a\" data-element_type=\"widget\" data-widget_type=\"html.default\">\n\t\t\t\t<div class=\"elementor-widget-container\">\n\t\t\t\t\t<a href=\"?add-to-cart=5658\" class=\"button add_to_cart_button\"\r\n\r\n   style=\"display:inline-block; transform: scale(0.6);\"\r\n    >\r\n    ADD TO CART\r\n<\/a>\t\t\t\t<\/div>\n\t\t\t\t<\/div>\n\t\t\t\t<\/div>\n\t\t\t\t<\/div>\n\t\t\t\t<\/div>\n\t\t<div class=\"elementor-element elementor-element-4a0233a e-con-full e-flex e-con e-child\" data-id=\"4a0233a\" data-element_type=\"container\">\n\t\t<div class=\"elementor-element elementor-element-6cf2352 e-con-full e-flex e-con e-child\" data-id=\"6cf2352\" data-element_type=\"container\" data-settings=\"{&quot;background_background&quot;:&quot;classic&quot;}\">\n\t\t\t\t<div class=\"elementor-element elementor-element-900847e elementor-widget-mobile__width-initial elementor-position-top elementor-widget elementor-widget-image-box\" data-id=\"900847e\" data-element_type=\"widget\" data-widget_type=\"image-box.default\">\n\t\t\t\t<div class=\"elementor-widget-container\">\n\t\t\t\t\t<div class=\"elementor-image-box-wrapper\"><figure class=\"elementor-image-box-img\"><a href=\"https:\/\/593plus.com\/en\/product\/armador_big\/\" tabindex=\"-1\"><img loading=\"lazy\" decoding=\"async\" width=\"1280\" height=\"960\" src=\"https:\/\/593plus.com\/wp-content\/uploads\/2025\/08\/Armador-Clean.jpeg\" class=\"attachment-full size-full wp-image-5580\" alt=\"armador clean\" title=\"Home\" srcset=\"https:\/\/593plus.com\/wp-content\/uploads\/2025\/08\/Armador-Clean.jpeg 1280w, https:\/\/593plus.com\/wp-content\/uploads\/2025\/08\/Armador-Clean-300x225.jpeg 300w, https:\/\/593plus.com\/wp-content\/uploads\/2025\/08\/Armador-Clean-1024x768.jpeg 1024w, https:\/\/593plus.com\/wp-content\/uploads\/2025\/08\/Armador-Clean-768x576.jpeg 768w, https:\/\/593plus.com\/wp-content\/uploads\/2025\/08\/Armador-Clean-600x450.jpeg 600w\" sizes=\"(max-width: 1280px) 100vw, 1280px\" \/><\/a><\/figure><div class=\"elementor-image-box-content\"><h3 class=\"elementor-image-box-title\"><a href=\"https:\/\/593plus.com\/en\/product\/armador_big\/\">Armador <br>Clean<\/a><\/h3><p class=\"elementor-image-box-description\">$3,00<\/p><\/div><\/div>\t\t\t\t<\/div>\n\t\t\t\t<\/div>\n\t\t<div class=\"elementor-element elementor-element-438f0b7 e-con-full e-flex e-con e-child\" data-id=\"438f0b7\" data-element_type=\"container\">\n\t\t\t\t<div class=\"elementor-element elementor-element-967c148 elementor-widget__width-initial elementor-widget-mobile__width-initial elementor-widget elementor-widget-html\" data-id=\"967c148\" data-element_type=\"widget\" data-widget_type=\"html.default\">\n\t\t\t\t<div class=\"elementor-widget-container\">\n\t\t\t\t\t<a href=\"?add-to-cart=5579\" class=\"button add_to_cart_button\"\r\n\r\n   style=\"display:inline-block; transform: scale(0.6);\"\r\n    >\r\n    ADD TO CART\r\n<\/a>\t\t\t\t<\/div>\n\t\t\t\t<\/div>\n\t\t\t\t<\/div>\n\t\t\t\t<\/div>\n\t\t\t\t<\/div>\n\t\t\t\t<\/div>\n\t\t\t\t<\/div>","protected":false},"excerpt":{"rendered":"<p>CALIDAD QUE SE NOTA Armador Big $3,00 a\u00f1adir al carrito Armador Fit $3,00 a\u00f1adir al carrito Armador Boxer $3,00 a\u00f1adir al carrito Armador Clean $3,00 a\u00f1adir al carrito<\/p>","protected":false},"author":1,"featured_media":0,"parent":0,"menu_order":0,"comment_status":"closed","ping_status":"closed","template":"","meta":{"_surecart_dashboard_logo_width":"180px","_surecart_dashboard_show_logo":true,"_surecart_dashboard_navigation_orders":true,"_surecart_dashboard_navigation_invoices":true,"_surecart_dashboard_navigation_subscriptions":true,"_surecart_dashboard_navigation_downloads":true,"_surecart_dashboard_navigation_billing":true,"_surecart_dashboard_navigation_account":true,"_uag_custom_page_level_css":"","site-sidebar-layout":"no-sidebar","site-content-layout":"plain-container","ast-site-content-layout":"full-width-container","site-content-style":"unboxed","site-sidebar-style":"unboxed","ast-global-header-display":"","ast-banner-title-visibility":"","ast-main-header-display":"","ast-hfb-above-header-display":"","ast-hfb-below-header-display":"","ast-hfb-mobile-header-display":"","site-post-title":"disabled","ast-breadcrumbs-content":"","ast-featured-img":"disabled","footer-sml-layout":"","theme-transparent-header-meta":"default","adv-header-id-meta":"","stick-header-meta":"","header-above-stick-meta":"","header-main-stick-meta":"","header-below-stick-meta":"","astra-migrate-meta-layouts":"set","ast-page-background-enabled":"default","ast-page-background-meta":{"desktop":{"background-color":"","background-image":"","background-repeat":"repeat","background-position":"center center","background-size":"auto","background-attachment":"scroll","background-type":"","background-media":"","overlay-type":"","overlay-color":"","overlay-opacity":"","overlay-gradient":""},"tablet":{"background-color":"","background-image":"","background-repeat":"repeat","background-position":"center center","background-size":"auto","background-attachment":"scroll","background-type":"","background-media":"","overlay-type":"","overlay-color":"","overlay-opacity":"","overlay-gradient":""},"mobile":{"background-color":"","background-image":"","background-repeat":"repeat","background-position":"center center","background-size":"auto","background-attachment":"scroll","background-type":"","background-media":"","overlay-type":"","overlay-color":"","overlay-opacity":"","overlay-gradient":""}},"ast-content-background-meta":{"desktop":{"background-color":"var(--ast-global-color-5)","background-image":"","background-repeat":"repeat","background-position":"center center","background-size":"auto","background-attachment":"scroll","background-type":"","background-media":"","overlay-type":"","overlay-color":"","overlay-opacity":"","overlay-gradient":""},"tablet":{"background-color":"var(--ast-global-color-5)","background-image":"","background-repeat":"repeat","background-position":"center center","background-size":"auto","background-attachment":"scroll","background-type":"","background-media":"","overlay-type":"","overlay-color":"","overlay-opacity":"","overlay-gradient":""},"mobile":{"background-color":"var(--ast-global-color-5)","background-image":"","background-repeat":"repeat","background-position":"center center","background-size":"auto","background-attachment":"scroll","background-type":"","background-media":"","overlay-type":"","overlay-color":"","overlay-opacity":"","overlay-gradient":""}},"footnotes":""},"class_list":["post-3610","page","type-page","status-publish","hentry"],"uagb_featured_image_src":{"full":false,"thumbnail":false,"medium":false,"medium_large":false,"large":false,"1536x1536":false,"2048x2048":false,"trp-custom-language-flag":false,"woocommerce_thumbnail":false,"woocommerce_single":false,"woocommerce_gallery_thumbnail":false},"uagb_author_info":{"display_name":"593plus.ec@gmail.com","author_link":"https:\/\/593plus.com\/en\/author\/593plus-ecgmail-com\/"},"uagb_comment_info":0,"uagb_excerpt":"CALIDAD QUE SE NOTA Armador Big $3,00 a\u00f1adir al carrito Armador Fit $3,00 a\u00f1adir al carrito Armador Boxer $3,00 a\u00f1adir al carrito Armador Clean $3,00 a\u00f1adir al carrito","jetpack_sharing_enabled":true,"_links":{"self":[{"href":"https:\/\/593plus.com\/en\/wp-json\/wp\/v2\/pages\/3610","targetHints":{"allow":["GET"]}}],"collection":[{"href":"https:\/\/593plus.com\/en\/wp-json\/wp\/v2\/pages"}],"about":[{"href":"https:\/\/593plus.com\/en\/wp-json\/wp\/v2\/types\/page"}],"author":[{"embeddable":true,"href":"https:\/\/593plus.com\/en\/wp-json\/wp\/v2\/users\/1"}],"replies":[{"embeddable":true,"href":"https:\/\/593plus.com\/en\/wp-json\/wp\/v2\/comments?post=3610"}],"version-history":[{"count":128,"href":"https:\/\/593plus.com\/en\/wp-json\/wp\/v2\/pages\/3610\/revisions"}],"predecessor-version":[{"id":5742,"href":"https:\/\/593plus.com\/en\/wp-json\/wp\/v2\/pages\/3610\/revisions\/5742"}],"wp:attachment":[{"href":"https:\/\/593plus.com\/en\/wp-json\/wp\/v2\/media?parent=3610"}],"curies":[{"name":"wp","href":"https:\/\/api.w.org\/{rel}","templated":true}]}}